{"id":467,"date":"2014-11-13T12:08:20","date_gmt":"2014-11-13T11:08:20","guid":{"rendered":"http:\/\/villapiaget.ch\/?page_id=467"},"modified":"2014-11-14T14:15:50","modified_gmt":"2014-11-14T13:15:50","slug":"discover","status":"publish","type":"page","link":"https:\/\/villapiaget.ch\/en\/discover\/","title":{"rendered":"Discover"},"content":{"rendered":"<p>Vous avez le sens d&#8217;observation? Regardez, cherchez et comparez&#8230;!<\/p>\n<p><strong>Le chat<br \/>\n<\/strong>Un chat en terre cuite veille sur la maison. Il figure dans les films de RTS aussi bien en 1966 qu&#8217;en 1979. Et il est toujours l\u00e0 aujourd&#8217;hui!<\/p>\nngg_shortcode_0_placeholder<br \/>\n<strong>Les cannes<\/strong><br \/>\n\u00c2g\u00e9, Piaget marchait avec une canne (cf. le film de 1979 aux Archives de la RTS). Ses cannes se trouvent encore aujourd&#8217;hui dans l&#8217;entr\u00e9e de la maison.<\/p>\nngg_shortcode_1_placeholder<br \/>\n<strong>Le programme des cours de la Sorbonne<\/strong><br \/>\nDans le film de 1966, on peut rep\u00e9rer\u00a0 sur le mur, derri\u00e8re Piaget, une affichette qui se trouve encore aujourd&#8217;hui \u00e0 la m\u00eame place. Il s&#8217;agit du programme des cours de philosophie de la Sorbonne.<\/p>\nngg_shortcode_2_placeholder<br \/>\n<strong>La radio<\/strong><br \/>\nSur la c\u00e9l\u00e8bre photo du bureau de Piaget, on voit la radio au bout de la table. Cet appareil existe toujours!<\/p>ngg_shortcode_3_placeholder<p><strong><br \/>\nLa maison et la fontaine du jardin<\/strong><br \/>\nLa fa\u00e7ade est rest\u00e9e inchang\u00e9e et la fontaine est toujours l\u00e0.<\/p>ngg_shortcode_4_placeholder","protected":false},"excerpt":{"rendered":"<p>Vous avez le sens d&#8217;observation? Regardez, cherchez et comparez&#8230;! Le chat Un chat en terre cuite veille sur la maison. Il figure dans les films de RTS aussi bien en 1966 qu&#8217;en 1979. Et il est toujours l\u00e0 aujourd&#8217;hui! Les cannes \u00c2g\u00e9, Piaget marchait avec une canne (cf. le film de 1979 aux Archives de [&hellip;]<\/p>\n","protected":false},"author":1,"featured_media":0,"parent":0,"menu_order":0,"comment_status":"closed","ping_status":"closed","template":"","meta":{"ngg_post_thumbnail":0,"footnotes":""},"class_list":["post-467","page","type-page","status-publish","hentry"],"_links":{"self":[{"href":"https:\/\/villapiaget.ch\/en\/wp-json\/wp\/v2\/pages\/467","targetHints":{"allow":["GET"]}}],"collection":[{"href":"https:\/\/villapiaget.ch\/en\/wp-json\/wp\/v2\/pages"}],"about":[{"href":"https:\/\/villapiaget.ch\/en\/wp-json\/wp\/v2\/types\/page"}],"author":[{"embeddable":true,"href":"https:\/\/villapiaget.ch\/en\/wp-json\/wp\/v2\/users\/1"}],"replies":[{"embeddable":true,"href":"https:\/\/villapiaget.ch\/en\/wp-json\/wp\/v2\/comments?post=467"}],"version-history":[{"count":1,"href":"https:\/\/villapiaget.ch\/en\/wp-json\/wp\/v2\/pages\/467\/revisions"}],"predecessor-version":[{"id":468,"href":"https:\/\/villapiaget.ch\/en\/wp-json\/wp\/v2\/pages\/467\/revisions\/468"}],"wp:attachment":[{"href":"https:\/\/villapiaget.ch\/en\/wp-json\/wp\/v2\/media?parent=467"}],"curies":[{"name":"wp","href":"https:\/\/api.w.org\/{rel}","templated":true}]}}