{"id":485,"date":"2014-11-14T13:29:34","date_gmt":"2014-11-14T12:29:34","guid":{"rendered":"http:\/\/villapiaget.ch\/?page_id=485"},"modified":"2014-11-14T14:30:07","modified_gmt":"2014-11-14T13:30:07","slug":"films-2","status":"publish","type":"page","link":"https:\/\/villapiaget.ch\/en\/films-2\/","title":{"rendered":"Films"},"content":{"rendered":"<p style=\"text-align: justify;\">Jean Piaget apparait dans des documents audiovisuels divers: entretiens, films documentaires, conf\u00e9rences enregistr\u00e9es&#8230; Nous avons relev\u00e9 plus particuli\u00e8rement les films o\u00f9 la Villa et le mythique bureau sont visibles. Vous pouvez consulter sur le site des Archives de la TSR les films suivants: <a href=\"http:\/\/villapiaget.ch\/wp-content\/uploads\/2014\/07\/Archives-RTS-1966.jpg\" rel=\"lightbox[485]\"><img loading=\"lazy\" decoding=\"async\" class=\"alignleft  wp-image-319\" src=\"http:\/\/villapiaget.ch\/wp-content\/uploads\/2014\/07\/Archives-RTS-1966-300x212.jpg\" alt=\"Archives RTS 1966\" width=\"183\" height=\"129\" \/><\/a> Pour c\u00e9l\u00e9brer le 70e anniversaire de Jean Piaget, l&#8217;\u00e9mission <em>Soir information<\/em> propose en octobre 1966 un sujet sp\u00e9cial. Apr\u00e8s quelques images de la maison et du jardin de Pinchat, on peut voir Piaget lui-m\u00eame dans son c\u00e9l\u00e8bre bureau. <a href=\"http:\/\/www.rts.ch\/archives\/tv\/information\/soir-information\/3471325-travaux-et-anecdotes.html\" target=\"_blank\"><strong>Visionner le film.<\/strong><\/a><\/p>\n<p>&nbsp;<\/p>\n<p>&nbsp;<\/p>\n<p style=\"text-align: justify;\"><img loading=\"lazy\" decoding=\"async\" class=\"alignleft wp-image-320\" src=\"http:\/\/villapiaget.ch\/wp-content\/uploads\/2014\/07\/Archives-RTS-1979-300x221.jpg\" alt=\"Archives RTS 1979\" width=\"181\" height=\"133\" \/><\/p>\n<p style=\"text-align: justify;\"><em> Destins<\/em>, mars 1979 La deuxi\u00e8me partie de cette \u00e9mission montre Jean Piaget \u00e0 83 ans, retir\u00e9 dans sa maison de Pinchat, pr\u00e8s de Carouge. <a title=\"Destins\" href=\"http:\/\/www.rts.ch\/archives\/tv\/culture\/destins\/3459202-un-destin-de-chercheur.html\" target=\"_blank\"><strong>Visionner le film.<\/strong><\/a><\/p>\n","protected":false},"excerpt":{"rendered":"<p>Jean Piaget apparait dans des documents audiovisuels divers: entretiens, films documentaires, conf\u00e9rences enregistr\u00e9es&#8230; Nous avons relev\u00e9 plus particuli\u00e8rement les films o\u00f9 la Villa et le mythique bureau sont visibles. Vous pouvez consulter sur le site des Archives de la TSR les films suivants: Pour c\u00e9l\u00e9brer le 70e anniversaire de Jean Piaget, l&#8217;\u00e9mission Soir information propose [&hellip;]<\/p>\n","protected":false},"author":2,"featured_media":0,"parent":0,"menu_order":0,"comment_status":"closed","ping_status":"closed","template":"","meta":{"ngg_post_thumbnail":0,"footnotes":""},"class_list":["post-485","page","type-page","status-publish","hentry"],"_links":{"self":[{"href":"https:\/\/villapiaget.ch\/en\/wp-json\/wp\/v2\/pages\/485","targetHints":{"allow":["GET"]}}],"collection":[{"href":"https:\/\/villapiaget.ch\/en\/wp-json\/wp\/v2\/pages"}],"about":[{"href":"https:\/\/villapiaget.ch\/en\/wp-json\/wp\/v2\/types\/page"}],"author":[{"embeddable":true,"href":"https:\/\/villapiaget.ch\/en\/wp-json\/wp\/v2\/users\/2"}],"replies":[{"embeddable":true,"href":"https:\/\/villapiaget.ch\/en\/wp-json\/wp\/v2\/comments?post=485"}],"version-history":[{"count":3,"href":"https:\/\/villapiaget.ch\/en\/wp-json\/wp\/v2\/pages\/485\/revisions"}],"predecessor-version":[{"id":528,"href":"https:\/\/villapiaget.ch\/en\/wp-json\/wp\/v2\/pages\/485\/revisions\/528"}],"wp:attachment":[{"href":"https:\/\/villapiaget.ch\/en\/wp-json\/wp\/v2\/media?parent=485"}],"curies":[{"name":"wp","href":"https:\/\/api.w.org\/{rel}","templated":true}]}}