{"id":487,"date":"2014-07-13T01:15:59","date_gmt":"2014-07-13T00:15:59","guid":{"rendered":"http:\/\/villapiaget.ch\/?page_id=487"},"modified":"2023-11-11T00:31:48","modified_gmt":"2023-11-10T23:31:48","slug":"statuts","status":"publish","type":"page","link":"https:\/\/villapiaget.ch\/en\/association\/statuts\/","title":{"rendered":"Statuts"},"content":{"rendered":"<p><strong>Statuts du 1er juillet 2014 <\/strong><strong>de l\u2019Association pour la sauvegarde de la villa Jean Piaget<br \/>\n[Extrait]<br \/>\n<\/strong><\/p>\n<p><strong>Article premier : nom et si\u00e8ge<\/strong><br \/>\n\u00b9\u00a0Sous la d\u00e9nomination de Association pour la sauvegarde de la ville Jean Piaget il est cr\u00e9\u00e9 une association \u00e0 but non lucratif au sens des articles 60 et suivants du Code civil suisse.<br \/>\n\u00b2 Son si\u00e8ge se trouve \u00e0 Veyrier.<\/p>\n<p><strong>Art. 2 : buts et t\u00e2ches<\/strong><br \/>\n\u00b9\u00a0L&#8217;Association a pour but la sauvegarde, l&#8217;entretien et l&#8217;exploitation de la maison o\u00f9 Jean Piaget a v\u00e9cu et travaill\u00e9 \u00e0 Pinchat \u00e0 l&#8217;adresse du Chemin Sur-Rang 7, Pinchat, 1234 Vessy.<\/p>\n<p>\u00b2\u00a0\u00c0 cette fin, l&#8217;Association se donne notamment pour t\u00e2ches :<br \/>\na. d&#8217;alerter les autorit\u00e9s et le public sur la situation de la villa,<br \/>\nb. de diffuser des informations sur la villa Piaget \u00e0 un large public, en particulier par voie de presse,<br \/>\nc. de favoriser les contacts, l&#8217;\u00e9change d&#8217;informations et la coop\u00e9ration entre les personnes et des collectivit\u00e9s susceptibles de participer \u00e0 la sauvegarde de la villa,<br \/>\nd. de solliciter des appuis et un financement adapt\u00e9 pour la sauvegarde la villa.<\/p>\n<p><strong>Art. 3 : moyens<\/strong><br \/>\n\u00b9Les moyens de l\u2019Association sont assur\u00e9s notamment par :<br \/>\na. les cotisations annuelles des membres,<br \/>\nb. les produits des activit\u00e9s et prestations de l\u2019Association,<br \/>\nc. les contributions diverses, les dons et les legs.<\/p>\n<p>\u00b2\u00a0L\u2019Association vise l\u2019\u00e9quilibre de ses charges et de ses produits. Elle peut aussi constituer des fonds et des provisions.<\/p>\n<p><strong>Art. 4 : membres<\/strong><br \/>\nL&#8217;Association compte comme membres :<br \/>\na. des membres individuels (personnes physiques),<br \/>\nb. des membres collectifs (personnes morales),<br \/>\nc. des membres d&#8217;honneur.<\/p>\n<p><strong>Art. 5 : adh\u00e9sion<\/strong><br \/>\n\u00b9\u00a0Peuvent \u00eatre membres toutes personnes physiques ou morales int\u00e9ress\u00e9es \u00e0 la r\u00e9alisation des objectifs fix\u00e9s par l&#8217;art. 2 des statuts. Le Comit\u00e9 d\u00e9cide sur l&#8217;admission des membres et il en informe l&#8217;Assembl\u00e9e g\u00e9n\u00e9rale.<\/p>\n<p>\u00b2 Sur proposition du Comit\u00e9, des personnes physiques peuvent \u00eatre nomm\u00e9s membres d&#8217;honneur par l&#8217;Assembl\u00e9e g\u00e9n\u00e9rale, notamment lorsqu&#8217;ils ont rendu d&#8217;\u00e9minents services \u00e0 l&#8217;Association.<\/p>\n<p><strong>Art. 6 : droits<\/strong><br \/>\n\u00b9\u00a0Les membres individuels et collectifs ont les m\u00eames droits.<\/p>\n<p>\u00b2\u00a0Ils peuvent en particulier demander au comit\u00e9 de porter un objet \u00e0 l&#8217;ordre du jour de la prochaine assembl\u00e9e g\u00e9n\u00e9rale. Cette demande, \u00e9crite, doit parvenir au Comit\u00e9 deux semaines au moins avant l&#8217;Assembl\u00e9e g\u00e9n\u00e9rale.<\/p>\n<p><strong>Art. 7 : obligations<\/strong><br \/>\n\u00b9\u00a0Les membres soutiennent les buts, les actions et les d\u00e9marches de l&#8217;Association.<\/p>\n<p>\u00b2\u00a0Ils s&#8217;acquittent en particulier de leur cotisation annuelle, sauf les membres d&#8217;honneur.<\/p>\n<p>\u00b3\u00a0Seule la fortune de l&#8217;Association r\u00e9pond pour ses engagements, la responsabilit\u00e9 de ses membres \u00e9tant express\u00e9ment exclue.<\/p>\n<p><strong>Art. 8 : d\u00e9mission<\/strong><br \/>\nChaque membre peut quitter l&#8217;Association \u00e0 tout moment, en communiquant sa d\u00e9cision au comit\u00e9 par \u00e9crit. La cotisation pour l&#8217;ann\u00e9e en cours reste due.<\/p>\n<p><strong>Art. 9 : exclusion<\/strong><br \/>\nEst exclu de l&#8217;Association le membre :<br \/>\na. qui n&#8217;a pas r\u00e9gl\u00e9 pendant deux ans ses obligations financi\u00e8res envers l&#8217;Association, apr\u00e8s avoir \u00e9t\u00e9 mis en demeure de le faire<br \/>\nb. ou qui porte gravement atteinte aux int\u00e9r\u00eats et aux buts de l&#8217;Association.<\/p>\n<p><strong>Art. 10 : organes<\/strong><br \/>\n\u00b9\u00a0Les organes de l&#8217;Association sont:<br \/>\na. l&#8217;assembl\u00e9e g\u00e9n\u00e9rale,<br \/>\nb. le comit\u00e9,<br \/>\nc. les v\u00e9rificateurs des comptes.<\/p>\n<p>\u00b2\u00a0Le pr\u00e9sident, les autres membres du comit\u00e9 et les v\u00e9rificateurs des comptes sont \u00e9lus pour une p\u00e9riode administrative de trois ans.<\/p>\n<p>\u00b3\u00a0En cas de d\u00e9mission ou de vacance anticip\u00e9e de ces trois charges le comit\u00e9 peut d\u00e9signer un titulaire en remplacement. Cette d\u00e9signation est valable jusqu&#8217;\u00e0 l&#8217;assembl\u00e9e g\u00e9n\u00e9rale ordinaire suivante.<\/p>\n<p>&#8230;.<br \/>\nVous pouvez afficher et t\u00e9l\u00e9charger les\u00a0<strong><a href=\"http:\/\/villapiaget.ch\/wp-content\/uploads\/2014\/07\/Statuts-du-1-7-2014.pdf\">Statuts complets<\/a><\/strong> sous forme de fichier pdf.<\/p>\n","protected":false},"excerpt":{"rendered":"<p>Statuts du 1er juillet 2014 de l\u2019Association pour la sauvegarde de la villa Jean Piaget [Extrait] Article premier : nom et si\u00e8ge \u00b9\u00a0Sous la d\u00e9nomination de Association pour la sauvegarde de la ville Jean Piaget il est cr\u00e9\u00e9 une association \u00e0 but non lucratif au sens des articles 60 et suivants du Code civil suisse. [&hellip;]<\/p>\n","protected":false},"author":2,"featured_media":0,"parent":483,"menu_order":1,"comment_status":"closed","ping_status":"closed","template":"","meta":{"ngg_post_thumbnail":0,"footnotes":""},"class_list":["post-487","page","type-page","status-publish","hentry"],"_links":{"self":[{"href":"https:\/\/villapiaget.ch\/en\/wp-json\/wp\/v2\/pages\/487","targetHints":{"allow":["GET"]}}],"collection":[{"href":"https:\/\/villapiaget.ch\/en\/wp-json\/wp\/v2\/pages"}],"about":[{"href":"https:\/\/villapiaget.ch\/en\/wp-json\/wp\/v2\/types\/page"}],"author":[{"embeddable":true,"href":"https:\/\/villapiaget.ch\/en\/wp-json\/wp\/v2\/users\/2"}],"replies":[{"embeddable":true,"href":"https:\/\/villapiaget.ch\/en\/wp-json\/wp\/v2\/comments?post=487"}],"version-history":[{"count":4,"href":"https:\/\/villapiaget.ch\/en\/wp-json\/wp\/v2\/pages\/487\/revisions"}],"predecessor-version":[{"id":576,"href":"https:\/\/villapiaget.ch\/en\/wp-json\/wp\/v2\/pages\/487\/revisions\/576"}],"up":[{"embeddable":true,"href":"https:\/\/villapiaget.ch\/en\/wp-json\/wp\/v2\/pages\/483"}],"wp:attachment":[{"href":"https:\/\/villapiaget.ch\/en\/wp-json\/wp\/v2\/media?parent=487"}],"curies":[{"name":"wp","href":"https:\/\/api.w.org\/{rel}","templated":true}]}}