{"id":500,"date":"2014-11-14T14:06:34","date_gmt":"2014-11-14T13:06:34","guid":{"rendered":"http:\/\/villapiaget.ch\/?page_id=500"},"modified":"2014-11-14T14:06:34","modified_gmt":"2014-11-14T13:06:34","slug":"villa-2","status":"publish","type":"page","link":"https:\/\/villapiaget.ch\/en\/villa-2\/","title":{"rendered":"Villa"},"content":{"rendered":"<p style=\"text-align: justify;\">Des albums de photos conserv\u00e9s aux Archives Jean Piaget t\u00e9moignent de ces 50 ann\u00e9es v\u00e9cues par Jean Piaget \u00e0 Pinchat en famille, dans son jardin comme dans son bureau, entour\u00e9 de ce qu\u2019il nommait &#8220;son d\u00e9sordre vital&#8221;, ses m\u00e9morables piles de notes, livres et manuscrits. La Villa de Pinchat a ainsi servi de lieu de savoir pour \u00e9laborer l\u2019\u0153uvre la plus importante de la psychologie scientifique du XXe si\u00e8cle. Apr\u00e8s la disparition de Jean Piaget en 1980, la Villa a \u00e9t\u00e9 occup\u00e9e par sa famille. Depuis 2011, la maison est inhabit\u00e9e. Gr\u00e2ce \u00e0 la bienveillance des amis de la famille, elle ne s\u2019est pas d\u00e9t\u00e9rior\u00e9e et elle est rest\u00e9e dans l\u2019\u00e9tat o\u00f9 Jean Piaget l\u2019avait laiss\u00e9e.<\/p>\n<p style=\"text-align: justify;\">Peut-on laisser aujourd\u2019hui dispara\u00eetre ce patrimoine, si repr\u00e9sentatif d\u2019une tradition genevoise du XXe si\u00e8cle, refl\u00e9tant la vie d\u2019un personnage illustre de la Gen\u00e8ve internationale et scientifique? Cette villa repr\u00e9sente un patrimoine culturel unique au monde, qui ne peut \u00eatre perdu et qui doit \u00eatre mis en valeur et \u00e0 disposition du public. Une intervention subtile et respectueuse devrait la mettre au service de l\u2019\u0153uvre et de la m\u00e9moire de Jean Piaget.<\/p>\n<p style=\"text-align: justify;\">Nous demandons que les autorit\u00e9s culturelles, municipales et cantonales de Gen\u00e8ve mettent tout en \u0153uvre pour conserver la Villa Jean Piaget; que ces autorit\u00e9s r\u00e9fl\u00e9chissent, de concert avec les membres de notre association, \u00e0 une politique \u00e0 long terme de conservation et de valorisation des lieux. Cela contribuera \u00e0 p\u00e9renniser la notori\u00e9t\u00e9 mondiale de Jean Piaget, amplifiant ainsi la renomm\u00e9e culturelle et internationale de Gen\u00e8ve.<\/p>\n<p style=\"text-align: justify;\">\n","protected":false},"excerpt":{"rendered":"<p>Des albums de photos conserv\u00e9s aux Archives Jean Piaget t\u00e9moignent de ces 50 ann\u00e9es v\u00e9cues par Jean Piaget \u00e0 Pinchat en famille, dans son jardin comme dans son bureau, entour\u00e9 de ce qu\u2019il nommait &#8220;son d\u00e9sordre vital&#8221;, ses m\u00e9morables piles de notes, livres et manuscrits. La Villa de Pinchat a ainsi servi de lieu de [&hellip;]<\/p>\n","protected":false},"author":2,"featured_media":0,"parent":0,"menu_order":0,"comment_status":"closed","ping_status":"closed","template":"","meta":{"ngg_post_thumbnail":0,"footnotes":""},"class_list":["post-500","page","type-page","status-publish","hentry"],"_links":{"self":[{"href":"https:\/\/villapiaget.ch\/en\/wp-json\/wp\/v2\/pages\/500","targetHints":{"allow":["GET"]}}],"collection":[{"href":"https:\/\/villapiaget.ch\/en\/wp-json\/wp\/v2\/pages"}],"about":[{"href":"https:\/\/villapiaget.ch\/en\/wp-json\/wp\/v2\/types\/page"}],"author":[{"embeddable":true,"href":"https:\/\/villapiaget.ch\/en\/wp-json\/wp\/v2\/users\/2"}],"replies":[{"embeddable":true,"href":"https:\/\/villapiaget.ch\/en\/wp-json\/wp\/v2\/comments?post=500"}],"version-history":[{"count":1,"href":"https:\/\/villapiaget.ch\/en\/wp-json\/wp\/v2\/pages\/500\/revisions"}],"predecessor-version":[{"id":501,"href":"https:\/\/villapiaget.ch\/en\/wp-json\/wp\/v2\/pages\/500\/revisions\/501"}],"wp:attachment":[{"href":"https:\/\/villapiaget.ch\/en\/wp-json\/wp\/v2\/media?parent=500"}],"curies":[{"name":"wp","href":"https:\/\/api.w.org\/{rel}","templated":true}]}}