{"id":507,"date":"2014-11-14T14:12:28","date_gmt":"2014-11-14T13:12:28","guid":{"rendered":"http:\/\/villapiaget.ch\/?page_id=507"},"modified":"2014-11-14T14:12:28","modified_gmt":"2014-11-14T13:12:28","slug":"photos-2","status":"publish","type":"page","link":"https:\/\/villapiaget.ch\/en\/photos-2\/","title":{"rendered":"Photos"},"content":{"rendered":"<p>Des photos conserv\u00e9es aux Archives Jean Piaget t\u00e9moignent de la vie de la famille Piaget dans la maison de Pinchat. Vous pouvez voir quelques images de cette p\u00e9riode <strong><a title=\"Jean Piaget \u00e0 Pinchat\" href=\"http:\/\/villapiaget.ch\/jean-piaget-pinchat\/\">ici<\/a><\/strong>. Une visite virtuelle de la <a title=\"Visite virtuelle\" href=\"http:\/\/villapiaget.ch\/visite-virtuelle\/\"><strong>Villa<\/strong><\/a> et du<strong><a title=\"Le jardin\" href=\"http:\/\/villapiaget.ch\/jardin\/\"> jardin<\/a><\/strong> montre tout l&#8217;int\u00e9r\u00eat de sauvegarder cette maison! Et<em> in fine<\/em>, faites un tour dans les images pour <strong><a title=\"D\u00e9couvertes\" href=\"http:\/\/villapiaget.ch\/decouvertes\/\">d\u00e9couvrir<\/a><\/strong>, avec \u00e9motion parfois, les d\u00e9tails qui vous feront voyager dans le temps&#8230;<\/p>\n","protected":false},"excerpt":{"rendered":"<p>Des photos conserv\u00e9es aux Archives Jean Piaget t\u00e9moignent de la vie de la famille Piaget dans la maison de Pinchat. Vous pouvez voir quelques images de cette p\u00e9riode ici. Une visite virtuelle de la Villa et du jardin montre tout l&#8217;int\u00e9r\u00eat de sauvegarder cette maison! Et in fine, faites un tour dans les images pour [&hellip;]<\/p>\n","protected":false},"author":2,"featured_media":0,"parent":0,"menu_order":0,"comment_status":"closed","ping_status":"closed","template":"","meta":{"ngg_post_thumbnail":0,"footnotes":""},"class_list":["post-507","page","type-page","status-publish","hentry"],"_links":{"self":[{"href":"https:\/\/villapiaget.ch\/en\/wp-json\/wp\/v2\/pages\/507","targetHints":{"allow":["GET"]}}],"collection":[{"href":"https:\/\/villapiaget.ch\/en\/wp-json\/wp\/v2\/pages"}],"about":[{"href":"https:\/\/villapiaget.ch\/en\/wp-json\/wp\/v2\/types\/page"}],"author":[{"embeddable":true,"href":"https:\/\/villapiaget.ch\/en\/wp-json\/wp\/v2\/users\/2"}],"replies":[{"embeddable":true,"href":"https:\/\/villapiaget.ch\/en\/wp-json\/wp\/v2\/comments?post=507"}],"version-history":[{"count":1,"href":"https:\/\/villapiaget.ch\/en\/wp-json\/wp\/v2\/pages\/507\/revisions"}],"predecessor-version":[{"id":508,"href":"https:\/\/villapiaget.ch\/en\/wp-json\/wp\/v2\/pages\/507\/revisions\/508"}],"wp:attachment":[{"href":"https:\/\/villapiaget.ch\/en\/wp-json\/wp\/v2\/media?parent=507"}],"curies":[{"name":"wp","href":"https:\/\/api.w.org\/{rel}","templated":true}]}}