{"id":509,"date":"2014-11-14T14:13:36","date_gmt":"2014-11-14T13:13:36","guid":{"rendered":"http:\/\/villapiaget.ch\/?page_id=509"},"modified":"2014-11-14T14:13:36","modified_gmt":"2014-11-14T13:13:36","slug":"virtual-tour","status":"publish","type":"page","link":"https:\/\/villapiaget.ch\/en\/virtual-tour\/","title":{"rendered":"Virtual tour"},"content":{"rendered":"<p>La visite de la Villa Piaget ne peut laisser indiff\u00e9rent. Le temps s\u2019est arr\u00eat\u00e9 sur les objets et les meubles de la famille, o\u00f9 pratiquement rien n\u2019a \u00e9t\u00e9 d\u00e9plac\u00e9.<\/p>ngg_shortcode_0_placeholder","protected":false},"excerpt":{"rendered":"<p>La visite de la Villa Piaget ne peut laisser indiff\u00e9rent. Le temps s\u2019est arr\u00eat\u00e9 sur les objets et les meubles de la famille, o\u00f9 pratiquement rien n\u2019a \u00e9t\u00e9 d\u00e9plac\u00e9.<\/p>\n","protected":false},"author":2,"featured_media":0,"parent":0,"menu_order":0,"comment_status":"closed","ping_status":"closed","template":"","meta":{"ngg_post_thumbnail":0,"footnotes":""},"class_list":["post-509","page","type-page","status-publish","hentry"],"_links":{"self":[{"href":"https:\/\/villapiaget.ch\/en\/wp-json\/wp\/v2\/pages\/509","targetHints":{"allow":["GET"]}}],"collection":[{"href":"https:\/\/villapiaget.ch\/en\/wp-json\/wp\/v2\/pages"}],"about":[{"href":"https:\/\/villapiaget.ch\/en\/wp-json\/wp\/v2\/types\/page"}],"author":[{"embeddable":true,"href":"https:\/\/villapiaget.ch\/en\/wp-json\/wp\/v2\/users\/2"}],"replies":[{"embeddable":true,"href":"https:\/\/villapiaget.ch\/en\/wp-json\/wp\/v2\/comments?post=509"}],"version-history":[{"count":1,"href":"https:\/\/villapiaget.ch\/en\/wp-json\/wp\/v2\/pages\/509\/revisions"}],"predecessor-version":[{"id":510,"href":"https:\/\/villapiaget.ch\/en\/wp-json\/wp\/v2\/pages\/509\/revisions\/510"}],"wp:attachment":[{"href":"https:\/\/villapiaget.ch\/en\/wp-json\/wp\/v2\/media?parent=509"}],"curies":[{"name":"wp","href":"https:\/\/api.w.org\/{rel}","templated":true}]}}